{"id":41,"date":"2020-03-13T06:40:53","date_gmt":"2020-03-13T06:40:53","guid":{"rendered":"http:\/\/purificationfilm.com\/?page_id=41"},"modified":"2022-05-13T11:47:06","modified_gmt":"2022-05-13T10:47:06","slug":"press-release","status":"publish","type":"page","link":"https:\/\/purificationfilm.com\/pt\/press\/press-release\/","title":{"rendered":"COMUNICADO \u00c0 IMPRENSA"},"content":{"rendered":"\n<p>Yerevan, 15\/12\/2020:  Publicado o trailer oficial do document\u00e1rio po\u00e9tico de Seg Kirakossian, &#8221; Purifica\u00e7\u00e3o&#8221; (PURIFICATION). Foi filmado durante 10 anos, em mais de 15 pa\u00edses. O or\u00e7amento do filme ronda os 500.000 euros e \u00e9 uma coprodu\u00e7\u00e3o arm\u00e9nia-luxemburguesa.<\/p>\n\n\n\n<p>Purifica\u00e7\u00e3o fala sobre as rela\u00e7\u00f5es entre a natureza e o homem, sobre a harmonia e as contradi\u00e7\u00f5es. A personagem principal \u00e9 como que uma generaliza\u00e7\u00e3o que representa a humanidade. As a\u00e7\u00f5es decorrem em diferentes est\u00e1gios de evolu\u00e7\u00e3o , apresentados de forma metaf\u00f3rica. Este filme tem como mensagem colocar a seguinte quest\u00e3o : O desenvolvimento tecnol\u00f3gico e criativo \u00e9 \u00fatil, a menos que a rapidez n\u00e3o domine o homem. Purifica\u00e7\u00e3o numa hist\u00f3ria em sete cap\u00edtulos : Cria\u00e7\u00e3o, Apar\u00eancia , Trabalho, Descanso; Avareza, Desaparecimento, Renascimento e Purifica\u00e7\u00e3o. <\/p>\n\n\n\n<p>Intelectualmente estimulante, este filme poder\u00e1 fazer com que o p\u00fablico fique feliz, assustado ou triste. Poder\u00e1 admirar ou abominar.  Publicado  provocar\u00e1 e far\u00e1 pensar. <\/p>\n\n\n\n<p>Os materiais desta longa-metragem constituem um document\u00e1rio puro, filmado por Seg Kirakossian na Su\u00ed\u00e7a, Let\u00f4nia, Luxemburgo, Ucr\u00e2nia, Su\u00e9cia, Turquia, Malta, Portugal, Rep\u00fablica Tcheca, Reino Unido, Bulg\u00e1ria, etc. N\u00e3o h\u00e1 encena\u00e7\u00e3o ou recria\u00e7\u00e3o de situa\u00e7\u00f5es, o autor capturou o que conseguiu, mas durante a edi\u00e7\u00e3o, os materiais perderam a natureza documental e ganharam um novo significado. <\/p>\n\n\n\n<p>Atualmente, o filme est\u00e1 em fase final de produ\u00e7\u00e3o e p\u00f3s-produ\u00e7\u00e3o. A estreia est\u00e1 prevista para o segundo semestre de 2021. A parcela significativa do or\u00e7amento \u00e9 realizada na fase de produ\u00e7\u00e3o. De resto, espera-se o apoio de fundos de apoio \u00e0 atividade cinematogr\u00e1fica, empresas, organiza\u00e7\u00f5es internacionais, bem como da comunidade mundial de amantes da s\u00e9tima arte. A equipa envolvida est\u00e1 aberta a envolver pessoas com desejo de integrar este processo criativo, por meio de voluntariado, apoio log\u00edstico ou capta\u00e7\u00e3o de recursos, que ocorrer\u00e1 num futuro pr\u00f3ximo. <\/p>\n\n\n\n<p>David Safarian, produtor e diretor de cinema com experi\u00eancia em distribui\u00e7\u00e3o internacional, inteirou-se acerca do roteiro e materiais do filme, considerando que  Publicado  aposta em trazer o cinema arm\u00e9nio novamente para um patamar de classe mundial: &#8220;Ouviremos muito sobre este filme por parte de todo o mundo, o p\u00fablico desejar\u00e1 v\u00ea-lo, uns amigos ir\u00e3o aconselh\u00e1-lo a outros &#8211; essa \u00e9 a maneira antiga, verificada e bem-sucedida da propaganda de um filme&#8221;.<\/p>\n\n\n\n<p><br>Link para o trailer: https:\/\/youtu.be\/mLN-M45rRNg<\/p>\n\n\n\n<p><br> Doctor Cinema Youth NGO, Departamento de Imprensa, Informa\u00e7\u00e3o e Rela\u00e7\u00f5es P\u00fablicas<br>office@doctorcinema.org,  press@purificationfilm.com <br>+374 55511199<\/p>\n\n\n\n<p><\/p>\n\n\n\n<p> Doctor Cinema, organiza\u00e7\u00e3o criada em 2015, ajudou a criar muitos filmes documentais, atrav\u00e9s de apoio internacional e nacional de programas para ensinar cinematografia. <\/p>\n","protected":false},"excerpt":{"rendered":"<p>Yerevan, 15\/12\/2020: Publicado o trailer oficial do document\u00e1rio po\u00e9tico de Seg Kirakossian, &#8221; Purifica\u00e7\u00e3o&#8221; (PURIFICATION). Foi filmado durante 10 anos, em mais de 15 pa\u00edses. O or\u00e7amento do filme ronda os 500.000&hellip;<\/p>\n","protected":false},"author":1,"featured_media":80,"parent":23,"menu_order":0,"comment_status":"closed","ping_status":"closed","template":"","meta":{"footnotes":""},"class_list":["post-41","page","type-page","status-publish","has-post-thumbnail","hentry"],"_links":{"self":[{"href":"https:\/\/purificationfilm.com\/pt\/wp-json\/wp\/v2\/pages\/41","targetHints":{"allow":["GET"]}}],"collection":[{"href":"https:\/\/purificationfilm.com\/pt\/wp-json\/wp\/v2\/pages"}],"about":[{"href":"https:\/\/purificationfilm.com\/pt\/wp-json\/wp\/v2\/types\/page"}],"author":[{"embeddable":true,"href":"https:\/\/purificationfilm.com\/pt\/wp-json\/wp\/v2\/users\/1"}],"replies":[{"embeddable":true,"href":"https:\/\/purificationfilm.com\/pt\/wp-json\/wp\/v2\/comments?post=41"}],"version-history":[{"count":20,"href":"https:\/\/purificationfilm.com\/pt\/wp-json\/wp\/v2\/pages\/41\/revisions"}],"predecessor-version":[{"id":479,"href":"https:\/\/purificationfilm.com\/pt\/wp-json\/wp\/v2\/pages\/41\/revisions\/479"}],"up":[{"embeddable":true,"href":"https:\/\/purificationfilm.com\/pt\/wp-json\/wp\/v2\/pages\/23"}],"wp:featuredmedia":[{"embeddable":true,"href":"https:\/\/purificationfilm.com\/pt\/wp-json\/wp\/v2\/media\/80"}],"wp:attachment":[{"href":"https:\/\/purificationfilm.com\/pt\/wp-json\/wp\/v2\/media?parent=41"}],"curies":[{"name":"wp","href":"https:\/\/api.w.org\/{rel}","templated":true}]}}