{"id":41,"date":"2020-03-13T06:40:53","date_gmt":"2020-03-13T06:40:53","guid":{"rendered":"http:\/\/purificationfilm.com\/?page_id=41"},"modified":"2022-05-13T11:47:06","modified_gmt":"2022-05-13T10:47:06","slug":"press-release","status":"publish","type":"page","link":"https:\/\/purificationfilm.com\/it\/press\/press-release\/","title":{"rendered":"LA PUBBLICAZIONE DELLA STAMPA"},"content":{"rendered":"\n<h4 class=\"wp-block-heading\"><strong>\u00c8 stato pubblicato il trailer ufficiale del film documentario poetico \u201c<a href=\"http:\/\/purificationfilm.com\/\" class=\"rank-math-link\">PURIFICAZIONE<\/a>\u201d di <a href=\"https:\/\/segkirakossian.com\/\" class=\"rank-math-link\" target=\"_blank\" rel=\"noopener\">Seg Kirakossian<\/a>. \u00c8 stato girato in 10 anni in oltre 15 paesi. Il budget del film \u00e8 di circa 500.000 euro ed \u00e8 una coproduzione armena-lussemburghese.<\/strong><\/h4>\n\n\n\n<p>La purificazione parla delle relazioni tra la natura e tra l\u2019uomo, dell&#8217;armonia e delle contraddizioni. Il protagonista \u00e8 il carattere generalizzato dell&#8217;umanit\u00e0, le azioni si svolgono in modo metaforico in diverse fasi dell&#8217;evoluzione umana. Il messaggio del film \u00e8: lo sviluppo tecnologico e creativo \u00e8 utile a meno che la rapacit\u00e0 non domini l&#8217;uomo. Il film ha una certa trama composta da 7 capitoli: Creazione; Aspetto; Lavoro; Riposo; Rapacit\u00e0; Scomparsa; Rinascita e purificazione.<br>Il film ha una certa trama composta da 7 capitoli: La creazione; L&#8217;Apparenza; Il lavoro; Il riposo; La rapacit\u00e0; La Sparizione; La rinascita e la Purificazione.<\/p>\n\n\n\n<p>Nonostante il film tocchi lr diverse questioni, pu\u00f2 essere considerato un&#8217;attrazione intellettuale in quanto render\u00e0 il pubblico felice, spaventato e triste, da ammirare ed aborrire, divertirsi e pensare, provocher\u00e0.<\/p>\n\n\n\n<p>I materiali integrali di \u201cPURIFICAZIONE\u201d sono i documentari puri, girati da Seg Kirakossian in Svizzera, Lettonia, Lussemburgo, Ucraina, Svezia, Turchia, Malta, Portogallo, Repubblica Ceca, Regno Unito, Bulgaria ecc. Non c&#8217;\u00e8 messa in scena o nella recitazione, l&#8217;autore ha catturato tutto ci\u00f2 che si \u00e8 riuscito, ma durante il montaggio gli scatti hanno perso la loro natura documentaria e hanno assunto un nuovo significato.<\/p>\n\n\n\n<p>Attualmente il film \u00e8 in fase avanzata di tarda-produzione e in prime fasi di post-produzione. La prima pubblicazione \u00e8 prevista per la seconda met\u00e0 del 2021. Una parte significativa del budget \u00e8 realizzata nella fase di produzione. Per il resto, \u00e8 previsto il sostegno dai fondi cinematografici, aziende, organizzazioni internazionali, nonch\u00e9 dalla comunit\u00e0 mondiale degli amanti dell&#8217;arte. L&#8217;equipaggio \u00e8 aperto a coinvolgere le persone con il desiderio artistico nel processo creativo attraverso il volontariato, il supporto logistico o la raccolta fondi che avverr\u00e0 nel prossimo futuro.<\/p>\n\n\n\n<p>David Safarian, un produttore e regista con l\u2019esperienza di distribuzione internazionale, ha appreso la sceneggiatura e i materiali del film ed \u00e8 sicuro che PURIFICAZIONE scommette di riportare il cinema armeno sul cinema di livello mondiale: \u201cNe sentiremo parlare molto da tutto il mondo, siccome il pubblico avr\u00e0 il desiderio di guardare di nuovo il film per aprire i nuovi strati del film. Sicuramente consiglieranno anche agli amici di guardare il film &#8211; questo \u00e8 il modo vecchio, controllato e di successo della pubblicit\u00e0 del film &#8220;.<\/p>\n\n\n\n<p><\/p>\n\n\n\n<p>Link al trailer: <a href=\"https:\/\/www.youtube.com\/watch?v=mLN-M45rRNg&amp;feature=youtu.be\" target=\"_blank\" rel=\"noopener\">https:\/\/www.youtube.com\/watch?v=mLN-M45rRNg&#038;feature=youtu.be<\/a><\/p>\n\n\n\n<p>Dottore Cinema Youth ONG, Il Dipartimento di Stampa, L\u2019Informazione e le relazioni pubbliche <br><a href=\"mailto:office@doctorcinema.org\">office@doctorcinema.org<\/a><br><a href=\"mailto:press@purificationfilm.com\">press@purificationfilm.com<\/a><\/p>\n\n\n\n<p><\/p>\n\n\n\n<pre class=\"wp-block-preformatted\">L'organizzazione DOTTORE CINEMA lavora in Armenia dal 2015 e ha supportato la realizzazione dei numerosi film documentari, i festival e ha realizzato i progetti di film educativi internazionali.<\/pre>\n\n\n\n<figure class=\"wp-block-image size-large is-resized\"><img loading=\"lazy\" decoding=\"async\" src=\"http:\/\/purificationfilm.com\/wp-content\/uploads\/2020\/03\/IMG_20200323_134934-1024x726.jpg\" alt=\"Media coverage on the press release was published in media \" class=\"wp-image-133\" width=\"256\" height=\"182\" srcset=\"https:\/\/purificationfilm.com\/wp-content\/uploads\/2020\/03\/IMG_20200323_134934-1024x726.jpg 1024w, https:\/\/purificationfilm.com\/wp-content\/uploads\/2020\/03\/IMG_20200323_134934-300x213.jpg 300w, https:\/\/purificationfilm.com\/wp-content\/uploads\/2020\/03\/IMG_20200323_134934-768x544.jpg 768w, https:\/\/purificationfilm.com\/wp-content\/uploads\/2020\/03\/IMG_20200323_134934-1536x1089.jpg 1536w, https:\/\/purificationfilm.com\/wp-content\/uploads\/2020\/03\/IMG_20200323_134934-2048x1452.jpg 2048w\" sizes=\"auto, (max-width: 256px) 100vw, 256px\" \/><figcaption>Media coverage on the press release was published in media <\/figcaption><\/figure>\n","protected":false},"excerpt":{"rendered":"<p>\u00c8 stato pubblicato il trailer ufficiale del film documentario poetico \u201cPURIFICAZIONE\u201d di Seg Kirakossian. \u00c8 stato girato in 10 anni in oltre 15 paesi. Il budget del film \u00e8 di circa 500.000&hellip;<\/p>\n","protected":false},"author":1,"featured_media":80,"parent":23,"menu_order":0,"comment_status":"closed","ping_status":"closed","template":"","meta":{"footnotes":""},"class_list":["post-41","page","type-page","status-publish","has-post-thumbnail","hentry"],"_links":{"self":[{"href":"https:\/\/purificationfilm.com\/it\/wp-json\/wp\/v2\/pages\/41","targetHints":{"allow":["GET"]}}],"collection":[{"href":"https:\/\/purificationfilm.com\/it\/wp-json\/wp\/v2\/pages"}],"about":[{"href":"https:\/\/purificationfilm.com\/it\/wp-json\/wp\/v2\/types\/page"}],"author":[{"embeddable":true,"href":"https:\/\/purificationfilm.com\/it\/wp-json\/wp\/v2\/users\/1"}],"replies":[{"embeddable":true,"href":"https:\/\/purificationfilm.com\/it\/wp-json\/wp\/v2\/comments?post=41"}],"version-history":[{"count":20,"href":"https:\/\/purificationfilm.com\/it\/wp-json\/wp\/v2\/pages\/41\/revisions"}],"predecessor-version":[{"id":479,"href":"https:\/\/purificationfilm.com\/it\/wp-json\/wp\/v2\/pages\/41\/revisions\/479"}],"up":[{"embeddable":true,"href":"https:\/\/purificationfilm.com\/it\/wp-json\/wp\/v2\/pages\/23"}],"wp:featuredmedia":[{"embeddable":true,"href":"https:\/\/purificationfilm.com\/it\/wp-json\/wp\/v2\/media\/80"}],"wp:attachment":[{"href":"https:\/\/purificationfilm.com\/it\/wp-json\/wp\/v2\/media?parent=41"}],"curies":[{"name":"wp","href":"https:\/\/api.w.org\/{rel}","templated":true}]}}