{"id":17,"date":"2020-03-12T20:29:50","date_gmt":"2020-03-12T20:29:50","guid":{"rendered":"http:\/\/purificationfilm.com\/?page_id=17"},"modified":"2026-03-19T12:27:10","modified_gmt":"2026-03-19T12:27:10","slug":"purification-synopsis","status":"publish","type":"page","link":"https:\/\/purificationfilm.com\/it\/purification-synopsis\/","title":{"rendered":"LA SINOSSI"},"content":{"rendered":"\n<h2 class=\"wp-block-heading\">&#8220;<a href=\"http:\/\/purificationfilm.com\/it\" class=\"rank-math-link\">Purificazione<\/a>&#8221; \u00e8 un bellissimo viaggio emotivo, un film documentario poetico sull&#8217;umanit\u00e0 che vuole rendere la propria vita pi\u00f9 confortevole e gioiosa nel corso della sua storia, ma quando la rapacit\u00e0 controlla l&#8217;uomo, lo sviluppo tecnologico diventa dannoso per l&#8217;umanit\u00e0 e per la natura, mette in discussione l&#8217;esistenza futura delle persone.<\/h2>\n\n\n\n<p>Il film ha una certa trama composta da 7 capitoli: <br>La creazione; <br>L&#8217;Apparenza; <br>Il lavoro; <br>Il riposo; <br>La rapacit\u00e0; <br>La Sparizione; <br>La rinascita e la Purificazione.<\/p>\n\n\n\n<figure class=\"wp-block-image size-large\"><img loading=\"lazy\" decoding=\"async\" width=\"1024\" height=\"576\" src=\"http:\/\/purificationfilm.com\/wp-content\/uploads\/2020\/03\/Beg-00310.00_30_11_03.Still011-1024x576.png\" alt=\"Purification captured image\" class=\"wp-image-10\" srcset=\"https:\/\/purificationfilm.com\/wp-content\/uploads\/2020\/03\/Beg-00310.00_30_11_03.Still011-1024x576.png 1024w, https:\/\/purificationfilm.com\/wp-content\/uploads\/2020\/03\/Beg-00310.00_30_11_03.Still011-300x169.png 300w, https:\/\/purificationfilm.com\/wp-content\/uploads\/2020\/03\/Beg-00310.00_30_11_03.Still011-768x432.png 768w, https:\/\/purificationfilm.com\/wp-content\/uploads\/2020\/03\/Beg-00310.00_30_11_03.Still011-1536x864.png 1536w, https:\/\/purificationfilm.com\/wp-content\/uploads\/2020\/03\/Beg-00310.00_30_11_03.Still011.png 1920w\" sizes=\"auto, (max-width: 1024px) 100vw, 1024px\" \/><\/figure>\n","protected":false},"excerpt":{"rendered":"<p>&#8220;Purificazione&#8221; \u00e8 un bellissimo viaggio emotivo, un film documentario poetico sull&#8217;umanit\u00e0 che vuole rendere la propria vita pi\u00f9 confortevole e gioiosa nel corso della sua storia, ma quando la rapacit\u00e0 controlla l&#8217;uomo,&hellip;<\/p>\n","protected":false},"author":1,"featured_media":94,"parent":0,"menu_order":0,"comment_status":"closed","ping_status":"closed","template":"","meta":{"footnotes":""},"class_list":["post-17","page","type-page","status-publish","has-post-thumbnail","hentry"],"_links":{"self":[{"href":"https:\/\/purificationfilm.com\/it\/wp-json\/wp\/v2\/pages\/17","targetHints":{"allow":["GET"]}}],"collection":[{"href":"https:\/\/purificationfilm.com\/it\/wp-json\/wp\/v2\/pages"}],"about":[{"href":"https:\/\/purificationfilm.com\/it\/wp-json\/wp\/v2\/types\/page"}],"author":[{"embeddable":true,"href":"https:\/\/purificationfilm.com\/it\/wp-json\/wp\/v2\/users\/1"}],"replies":[{"embeddable":true,"href":"https:\/\/purificationfilm.com\/it\/wp-json\/wp\/v2\/comments?post=17"}],"version-history":[{"count":22,"href":"https:\/\/purificationfilm.com\/it\/wp-json\/wp\/v2\/pages\/17\/revisions"}],"predecessor-version":[{"id":890,"href":"https:\/\/purificationfilm.com\/it\/wp-json\/wp\/v2\/pages\/17\/revisions\/890"}],"wp:featuredmedia":[{"embeddable":true,"href":"https:\/\/purificationfilm.com\/it\/wp-json\/wp\/v2\/media\/94"}],"wp:attachment":[{"href":"https:\/\/purificationfilm.com\/it\/wp-json\/wp\/v2\/media?parent=17"}],"curies":[{"name":"wp","href":"https:\/\/api.w.org\/{rel}","templated":true}]}}